{"id":1521,"date":"2014-05-21T09:02:52","date_gmt":"2014-05-21T09:02:52","guid":{"rendered":"http:\/\/pexetothemes.com\/demos\/story_wp\/?page_id=1521"},"modified":"2015-09-21T08:04:39","modified_gmt":"2015-09-21T08:04:39","slug":"home-default","status":"publish","type":"page","link":"https:\/\/america-sl.com\/","title":{"rendered":"Inicio"},"content":{"rendered":"<div class=\"services-wrapper services-default cols-wrapper cols-4\"><div class=\"services-box col\"><a href=\"https:\/\/america-sl.com\/?page_id=2149\"><div class=\"img-container\"><img decoding=\"async\" src=\"https:\/\/america-sl.com\/wp-content\/uploads\/2015\/02\/fiscal_mercantil.png\" alt=\"Fiscal\u00b7Mercantil\"\/><\/div><\/a><div class=\"services-content\"><div class=\"sc-wraper\"><h3><a href=\"https:\/\/america-sl.com\/?page_id=2149\">Fiscal\u00b7Mercantil<\/a><\/h3><p>Conoce todos nuestros servicios para empresas y profesionales.<\/p><\/div><\/div><\/div><div class=\"services-box col\"><a href=\"https:\/\/america-sl.com\/?page_id=2365\"><div class=\"img-container\"><img decoding=\"async\" src=\"https:\/\/america-sl.com\/wp-content\/uploads\/2015\/02\/laboral_america.png\" alt=\"Laboral\"\/><\/div><\/a><div class=\"services-content\"><div class=\"sc-wraper\"><h3><a href=\"https:\/\/america-sl.com\/?page_id=2365\">Laboral<\/a><\/h3><p>Le asesoramos en todas las  relaciones laborales.<\/p><\/div><\/div><\/div><div class=\"services-box col\"><a href=\"https:\/\/america-sl.com\/?page_id=2373%20\"><div class=\"img-container\"><img decoding=\"async\" src=\"https:\/\/america-sl.com\/wp-content\/uploads\/2015\/02\/contabilidad_america.png\" alt=\"Contabilidad\"\/><\/div><\/a><div class=\"services-content\"><div class=\"sc-wraper\"><h3><a href=\"https:\/\/america-sl.com\/?page_id=2373%20\">Contabilidad<\/a><\/h3><p>Informaci\u00f3n que le ayudar\u00e1 en la toma de decisiones.<\/p><\/div><\/div><\/div><div class=\"services-box col nomargin\"><a href=\"https:\/\/america-sl.com\/?page_id=2388%20\"><div class=\"img-container\"><img decoding=\"async\" src=\"https:\/\/america-sl.com\/wp-content\/uploads\/2014\/11\/gestoria.png\" alt=\"Gestor\u00eda\"\/><\/div><\/a><div class=\"services-content\"><div class=\"sc-wraper\"><h3><a href=\"https:\/\/america-sl.com\/?page_id=2388%20\">Gestor\u00eda<\/a><\/h3><p>Conoce los diferentes servicios en los que podemos ayudarte.<\/p><\/div><\/div><\/div><div class=\"services-box col\"><a href=\"https:\/\/america-sl.com\/?page_id=2659%20\"><div class=\"img-container\"><img decoding=\"async\" src=\"https:\/\/america-sl.com\/wp-content\/uploads\/2015\/02\/america_online.png\" alt=\"America On Line\"\/><\/div><\/a><div class=\"services-content\"><div class=\"sc-wraper\"><h3><a href=\"https:\/\/america-sl.com\/?page_id=2659%20\">America On Line<\/a><\/h3><p>Todos los servicios de nuestra asesor\u00eda a un solo click.<\/p><\/div><\/div><\/div><div class=\"services-box col\"><a href=\"https:\/\/america-sl.com\/?page_id=2151%20\"><div class=\"img-container\"><img decoding=\"async\" src=\"https:\/\/america-sl.com\/wp-content\/uploads\/2015\/02\/equipo_america.png\" alt=\"Equipo\"\/><\/div><\/a><div class=\"services-content\"><div class=\"sc-wraper\"><h3><a href=\"https:\/\/america-sl.com\/?page_id=2151%20\">Equipo<\/a><\/h3><p>Enlace directo a nuestro equipo de profesionales.<\/p><\/div><\/div><\/div><div class=\"services-box col\"><a href=\"https:\/\/america-sl.com\/?page_id=13%20\"><div class=\"img-container\"><img decoding=\"async\" src=\"https:\/\/america-sl.com\/wp-content\/uploads\/2015\/02\/contacto_america.png\" alt=\"Contacto\"\/><\/div><\/a><div class=\"services-content\"><div class=\"sc-wraper\"><h3><a href=\"https:\/\/america-sl.com\/?page_id=13%20\">Contacto<\/a><\/h3><p>Resolvemos todas tus dudas. Ponte en contacto con nosotros.<\/p><\/div><\/div><\/div><div class=\"services-box col nomargin\"><a href=\"https:\/\/www.google.es\/maps?safe=active&#038;es_sm=91&#038;bav=on.2,or.r_cp.&#038;bvm=bv.86475890,d.d24&#038;biw=1326&#038;bih=959&#038;um=1&#038;ie=UTF-8&#038;q=asesoria+america+sl&#038;fb=1&#038;gl=es&#038;hq=asesoria+america+sl&#038;cid=15461060934658756438&#038;sa=X&#038;ei=1E7sVP-WK4P1UtXhg7gB&#038;ved=0CCoQrwswAA\" target=\"_blank\"><div class=\"img-container\"><img decoding=\"async\" src=\"https:\/\/america-sl.com\/wp-content\/uploads\/2015\/02\/maps.png\" alt=\"Localizaci\u00f3n\"\/><\/div><\/a><div class=\"services-content\"><div class=\"sc-wraper\"><h3><a href=\"https:\/\/www.google.es\/maps?safe=active&#038;es_sm=91&#038;bav=on.2,or.r_cp.&#038;bvm=bv.86475890,d.d24&#038;biw=1326&#038;bih=959&#038;um=1&#038;ie=UTF-8&#038;q=asesoria+america+sl&#038;fb=1&#038;gl=es&#038;hq=asesoria+america+sl&#038;cid=15461060934658756438&#038;sa=X&#038;ei=1E7sVP-WK4P1UtXhg7gB&#038;ved=0CCoQrwswAA\" target=\"_blank\">Localizaci\u00f3n<\/a><\/h3><p>Conoce donde se encuentran nuestras instalaciones.<\/p><\/div><\/div><\/div><div class=\"clear\"><\/div><\/div>\n<div class=\"section-full-width section-dark parallax-fixed\" style=\"background-color:#252525;\" id=\"enlaces\"><div style=\"background-image:url(https:\/\/america-sl.com\/wp-content\/uploads\/2014\/05\/gestoria-america-binefar.jpg); opacity:0.3; filter: alpha(opacity=30);\" class=\"full-bg-image\" ><\/div><div class=\"section-boxed\" style=\"color:#ffffff;\"><h2 class=\"section-title\" style=\"color:#ffffff;\">Enlaces<\/h2><h4 style=\"color:#ffffff;\" class=\"sub-title\"> Enlaces de Inter\u00e9s<\/h4><div class=\"services-wrapper services-icon cols-wrapper cols-4 pexeto-parallax\"><div class=\"services-box col\"><a href=\"http:\/\/www.agenciatributaria.es\" target=\"_blank\"><div class=\"img-container\"><img decoding=\"async\" src=\"https:\/\/america-sl.com\/wp-content\/uploads\/2014\/11\/icono_tributaria-130x130.png\" alt=\"Agencia Tributaria (AEAT)\"\/><\/div><\/a><div class=\"services-content\"><div class=\"sc-wraper\"><h3><a href=\"http:\/\/www.agenciatributaria.es\" target=\"_blank\">Agencia Tributaria (AEAT)<\/a><\/h3><p>Organismo p\u00fablico de la Administraci\u00f3n espa\u00f1ola.<\/p><\/div><\/div><\/div><div class=\"services-box col\"><a href=\"http:\/\/www.agenciatributaria.es\/AEAT.internet\/Bibl_virtual\/folletos\/calendario_contribuyente.shtml\" target=\"_blank\"><div class=\"img-container\"><img decoding=\"async\" src=\"https:\/\/america-sl.com\/wp-content\/uploads\/2015\/01\/icono-calendario-130x130.png\" alt=\"Calendario del Contribuyente\"\/><\/div><\/a><div class=\"services-content\"><div class=\"sc-wraper\"><h3><a href=\"http:\/\/www.agenciatributaria.es\/AEAT.internet\/Bibl_virtual\/folletos\/calendario_contribuyente.shtml\" target=\"_blank\">Calendario del Contribuyente<\/a><\/h3><p>Enlace directo al calendario del contribuyente.<\/p><\/div><\/div><\/div><div class=\"services-box col\"><a href=\"http:\/\/www.seg-social.es\/\" target=\"_blank\"><div class=\"img-container\"><img decoding=\"async\" src=\"https:\/\/america-sl.com\/wp-content\/uploads\/2014\/11\/icono_ssocial-130x130.png\" alt=\"Seguridad Social\"\/><\/div><\/a><div class=\"services-content\"><div class=\"sc-wraper\"><h3><a href=\"http:\/\/www.seg-social.es\/\" target=\"_blank\">Seguridad Social<\/a><\/h3><p>Principal sistema de protecci\u00f3n social del Estado.<\/p><\/div><\/div><\/div><div class=\"services-box col nomargin\"><a href=\"http:\/\/www.aragon.es\" target=\"_blank\"><div class=\"img-container\"><img decoding=\"async\" src=\"https:\/\/america-sl.com\/wp-content\/uploads\/2014\/11\/icono_aragon-130x130.png\" alt=\"Gobierno de Arag\u00f3n\"\/><\/div><\/a><div class=\"services-content\"><div class=\"sc-wraper\"><h3><a href=\"http:\/\/www.aragon.es\" target=\"_blank\">Gobierno de Arag\u00f3n<\/a><\/h3><p>Estructura org\u00e1nica, noticias y servicios de inter\u00e9s al ciudadano.<\/p><\/div><\/div><\/div><div class=\"services-box col\"><a href=\"http:\/\/www.binefar.es\" target=\"_blank\"><div class=\"img-container\"><img decoding=\"async\" src=\"https:\/\/america-sl.com\/wp-content\/uploads\/2014\/11\/icono_ajuntament-130x130.png\" alt=\"Ayuntamiento de Bin\u00e9far\"\/><\/div><\/a><div class=\"services-content\"><div class=\"sc-wraper\"><h3><a href=\"http:\/\/www.binefar.es\" target=\"_blank\">Ayuntamiento de Bin\u00e9far<\/a><\/h3><p>P\u00e1gina Oficial del ayuntamiento de nuestra poblaci\u00f3n.<\/p><\/div><\/div><\/div><div class=\"services-box col\"><a href=\"http:\/\/www.lalitera.org\/\" target=\"_blank\"><div class=\"img-container\"><img decoding=\"async\" src=\"https:\/\/america-sl.com\/wp-content\/uploads\/2015\/01\/lit-130x130.png\" alt=\"La Litera\"\/><\/div><\/a><div class=\"services-content\"><div class=\"sc-wraper\"><h3><a href=\"http:\/\/www.lalitera.org\/\" target=\"_blank\">La Litera<\/a><\/h3><p>Comarca de la Litera.<\/p><\/div><\/div><\/div><div class=\"services-box col\"><a href=\"http:\/\/www.catastro.meh.es\" target=\"_blank\"><div class=\"img-container\"><img decoding=\"async\" src=\"https:\/\/america-sl.com\/wp-content\/uploads\/2015\/01\/Catastro-130x130.png\" alt=\"Catastro\"\/><\/div><\/a><div class=\"services-content\"><div class=\"sc-wraper\"><h3><a href=\"http:\/\/www.catastro.meh.es\" target=\"_blank\">Catastro<\/a><\/h3><p>Portal de la Direcci\u00f3n General del Catastro<\/p><\/div><\/div><\/div><div class=\"services-box col nomargin\"><a href=\"http:\/\/www.agpd.es\/portalwebAGPD\/index-ides-idphp.php\" target=\"_blank\"><div class=\"img-container\"><img decoding=\"async\" src=\"https:\/\/america-sl.com\/wp-content\/uploads\/2015\/01\/aepd-130x130.png\" alt=\"AEPD \"\/><\/div><\/a><div class=\"services-content\"><div class=\"sc-wraper\"><h3><a href=\"http:\/\/www.agpd.es\/portalwebAGPD\/index-ides-idphp.php\" target=\"_blank\">AEPD <\/a><\/h3><p>Agencia Espa\u00f1ola de Protecci\u00f3n de Datos.<\/p><\/div><\/div><\/div><div class=\"services-box col\"><a href=\"https:\/\/www.boe.es\" target=\"_blank\"><div class=\"img-container\"><img decoding=\"async\" src=\"https:\/\/america-sl.com\/wp-content\/uploads\/2015\/01\/boe-130x130.png\" alt=\"Bolet\u00edn Ofical del Estado\"\/><\/div><\/a><div class=\"services-content\"><div class=\"sc-wraper\"><h3><a href=\"https:\/\/www.boe.es\" target=\"_blank\">Bolet\u00edn Ofical del Estado<\/a><\/h3><p>Agencia Estatal Bolet\u00edn Oficial del Estado<\/p><\/div><\/div><\/div><div class=\"services-box col\"><a href=\"http:\/\/www.boa.aragon.es\" target=\"_blank\"><div class=\"img-container\"><img decoding=\"async\" src=\"https:\/\/america-sl.com\/wp-content\/uploads\/2015\/01\/boa-130x130.png\" alt=\"Bolet\u00edn Oficial de Arag\u00f3n\"\/><\/div><\/a><div class=\"services-content\"><div class=\"sc-wraper\"><h3><a href=\"http:\/\/www.boa.aragon.es\" target=\"_blank\">Bolet\u00edn Oficial de Arag\u00f3n<\/a><\/h3><p>Agencia Estatal Bolet\u00edn Oficial de Arag\u00f3n<\/p><\/div><\/div><\/div><div class=\"services-box col\"><a href=\"http:\/\/bop.dphuesca.es\" target=\"_blank\"><div class=\"img-container\"><img decoding=\"async\" src=\"https:\/\/america-sl.com\/wp-content\/uploads\/2015\/01\/icono-BOP-130x130.png\" alt=\"BOP\"\/><\/div><\/a><div class=\"services-content\"><div class=\"sc-wraper\"><h3><a href=\"http:\/\/bop.dphuesca.es\" target=\"_blank\">BOP<\/a><\/h3><p>Bolet\u00edn Oficial Provincia de Huesca.<\/p><\/div><\/div><\/div><div class=\"services-box col nomargin\"><a href=\"http:\/\/www.americados.es\" target=\"_blank\"><div class=\"img-container\"><img decoding=\"async\" src=\"https:\/\/america-sl.com\/wp-content\/uploads\/2015\/02\/americadossl-130x130.png\" alt=\"America Dos, S.L.\"\/><\/div><\/a><div class=\"services-content\"><div class=\"sc-wraper\"><h3><a href=\"http:\/\/www.americados.es\" target=\"_blank\">America Dos, S.L.<\/a><\/h3><p>Corredur\u00eda de Seguros.<\/p><\/div><\/div><\/div><div class=\"clear\"><\/div><\/div>\n<\/div><\/div>\n<div class=\"section-full-width section-light\" style=\"background-color:#ffffff;\" id=\"section-1\"><div class=\"section-boxed\" style=\"color:#777777;\"><h4 style=\"color:#252525;\" class=\"sub-title\">Equipo<\/h4><p>&nbsp;<\/p>\n<div class=\"services-wrapper services-thumbnail pexeto-parallax\"><div class=\"services-box col\"><div class=\"thumbnail-wrapper\"><div class=\"services-img\" style=\"background-image:url(https:\/\/america-sl.com\/wp-content\/uploads\/2015\/01\/0fiscal.png)\"><\/div><div class=\"services-content\"><div class=\"sc-wraper\"><h3><a href=\"https:\/\/america-sl.com\/?page_id=2611\">Fiscal<\/a><\/h3><\/div><\/div><\/div><\/div><div class=\"services-box col\"><div class=\"thumbnail-wrapper\"><div class=\"services-img\" style=\"background-image:url(https:\/\/america-sl.com\/wp-content\/uploads\/2015\/01\/0contabilidad.png)\"><\/div><div class=\"services-content\"><div class=\"sc-wraper\"><h3><a href=\"https:\/\/america-sl.com\/?page_id=2616%20\">Contabilidad<\/a><\/h3><\/div><\/div><\/div><\/div><div class=\"services-box col\"><div class=\"thumbnail-wrapper\"><div class=\"services-img\" style=\"background-image:url(https:\/\/america-sl.com\/wp-content\/uploads\/2015\/01\/0laboral.png)\"><\/div><div class=\"services-content\"><div class=\"sc-wraper\"><h3><a href=\"https:\/\/america-sl.com\/?page_id=2618\">Laboral<\/a><\/h3><\/div><\/div><\/div><\/div><div class=\"services-box col\"><div class=\"thumbnail-wrapper\"><div class=\"services-img\" style=\"background-image:url(https:\/\/america-sl.com\/wp-content\/uploads\/2015\/01\/0gestoria.png)\"><\/div><div class=\"services-content\"><div class=\"sc-wraper\"><h3><a href=\"https:\/\/america-sl.com\/?page_id=2621\">Gestor\u00eda<\/a><\/h3><\/div><\/div><\/div><\/div><div class=\"clear\"><\/div><\/div>\n<p>\n<\/div><\/div>\n<div class=\"section-full-width section-light2\" style=\"background-color:#f7f7f7;\" id=\"asesor\u00edaam\u00e9ricasl\"><div class=\"section-boxed\" style=\"color:#777777;\"><h2 class=\"section-title\" style=\"color:#003e7b;\">Asesor\u00eda Am\u00e9rica S.L.<\/h2><h4 style=\"color:#003e7b;\" class=\"sub-title\"> Conoce m\u00e1s sobre nuestra empresa<\/h4><\/p>\n<div class=\"cols-wrapper cols-3\">\n<div class=\"col\">\n<p style=\"text-align: justify;\"><span style=\"color: #000000;\">Nuestra asesor\u00eda lleva ya m\u00e1s de 60 a\u00f1os prestando servicios a nuestros clientes de Bin\u00e9far y comarca, as\u00ed como a clientes ubicados en provincias pr\u00f3ximas, como Huesca, Zaragoza, L\u00e9rida, Barcelona, Gerona o Tarragona entre otras.<br \/>\nDos son las caracter\u00edsticas fundamentales en las que se basa la continuidad de nuestra empresa: la estabilidad del personal que compone la plantilla y la apuesta, desde 1978, por las nuevas tecnolog\u00edas aplicadas al desarrollo de nuestra actividad profesional. <\/span><\/p>\n<\/div>\n<div class=\"col\">\n<p style=\"text-align: justify;\"><span style=\"color: #000000;\"> Nuestras aplicaciones inform\u00e1ticas de contrastada calidad y eficacia,  complementadas con una formaci\u00f3n continua de nuestro personal, nos garantizan una puesta al d\u00eda permanente respecto de las novedades legislativas que se producen y nos permiten ofrecer todo tipo de asesoramiento y gestiones con total garant\u00eda y profesionalidad.<br \/>\nEn nuestro empe\u00f1o por seguir apostando por la utilizaci\u00f3n de las tecnolog\u00edas de la informaci\u00f3n y comunicaci\u00f3n, en esta nueva versi\u00f3n de nuestra p\u00e1gina web,  hemos integrado la aplicaci\u00f3n<\/span><\/p>\n<\/div>\n<div class=\"col nomargin\">\n<p style=\"text-align: justify;\"><span style=\"color: #000000;\">\u201cAm\u00e9rica On Line\u201d, dotando a la misma de un potente gestor documental, el cual abarca todos los \u00e1mbitos de actuaci\u00f3n de la asesor\u00eda. Esperamos, y estamos convencidos que as\u00ed ser\u00e1, que \u00e9sta importante mejora de nuestra web, va a ser un v\u00ednculo diario de comunicaci\u00f3n con todos nuestros clientes facilitando las gestiones, sin que ello vaya en detrimento del trato personal, sincero y cercano que siempre nos ha caracterizado y que nos ha hecho llegar hasta aqu\u00ed.<br \/>\n<\/span><span style=\"color: #003e7b;\">Bienvenidos a Am\u00e9rica 2.0 <\/span><\/p>\n<\/div>\n<\/div>\n<p>\n<\/div><\/div>\n","protected":false},"excerpt":{"rendered":"","protected":false},"author":1,"featured_media":0,"parent":0,"menu_order":0,"comment_status":"open","ping_status":"open","template":"template-full-custom.php","meta":{"footnotes":""},"_links":{"self":[{"href":"https:\/\/america-sl.com\/index.php?rest_route=\/wp\/v2\/pages\/1521"}],"collection":[{"href":"https:\/\/america-sl.com\/index.php?rest_route=\/wp\/v2\/pages"}],"about":[{"href":"https:\/\/america-sl.com\/index.php?rest_route=\/wp\/v2\/types\/page"}],"author":[{"embeddable":true,"href":"https:\/\/america-sl.com\/index.php?rest_route=\/wp\/v2\/users\/1"}],"replies":[{"embeddable":true,"href":"https:\/\/america-sl.com\/index.php?rest_route=%2Fwp%2Fv2%2Fcomments&post=1521"}],"version-history":[{"count":35,"href":"https:\/\/america-sl.com\/index.php?rest_route=\/wp\/v2\/pages\/1521\/revisions"}],"predecessor-version":[{"id":2819,"href":"https:\/\/america-sl.com\/index.php?rest_route=\/wp\/v2\/pages\/1521\/revisions\/2819"}],"wp:attachment":[{"href":"https:\/\/america-sl.com\/index.php?rest_route=%2Fwp%2Fv2%2Fmedia&parent=1521"}],"curies":[{"name":"wp","href":"https:\/\/api.w.org\/{rel}","templated":true}]}}