{"id":2151,"date":"2014-08-15T02:38:05","date_gmt":"2014-08-15T02:38:05","guid":{"rendered":"http:\/\/pexetothemes.com\/demos\/story_demos\/vintage\/?page_id=21"},"modified":"2023-11-14T07:25:58","modified_gmt":"2023-11-14T07:25:58","slug":"equipo","status":"publish","type":"page","link":"https:\/\/america-sl.com\/?page_id=2151","title":{"rendered":"Equipo"},"content":{"rendered":"<div class=\"section-full-width section-light\" style=\"background-color:#f7f7f7;\" id=\"section-1\"><div class=\"section-boxed\" style=\"color:#777777;\"><\/p>\n<div class=\"cols-wrapper cols-2\">\n<div class=\"col\">\n<p><img decoding=\"async\" class=\"img-frame \" src=\"https:\/\/america-sl.com\/wp-content\/uploads\/2014\/08\/1direccion.png\" alt=\"\" \/><\/p>\n<\/div>\n<div class=\"col no margin\">\n<h4><\/h4>\n<h4><\/h4>\n<h4 class=\"page-heading\"><br class=\"clear\" \/><strong><span style=\"color: #003e7b;\">Direcci\u00f3n<\/span><\/strong><\/h4>\n<table border=\"1\">\n<tbody>\n<tr>\n<td><span style=\"color: #003e7b;\">\u00b7 CRISTINA BATLLE<\/span><\/td>\n<td><a href=\"mailto:cristina@america-sl.com\">cristina@america-sl.com<\/a><\/td>\n<td>T.974431571<\/td>\n<\/tr>\n<tr>\n<td><span style=\"color: #003e7b;\">\u00b7 LU\u00cdS SARVIS\u00c9<\/span><\/td>\n<td><a href=\"mailto:luis@america-sl.com\">luis@america-sl.com<\/a><\/td>\n<td>T.974431571<\/td>\n<\/tr>\n<\/tbody>\n<\/table>\n<\/div>\n<\/div>\n<p>\n<\/div><\/div>\n<div class=\"section-full-width section-light\" style=\"background-color:#ffffff;\" id=\"section-2\"><div class=\"section-boxed\" style=\"color:#777777;\"><\/p>\n<div class=\"cols-wrapper cols-2\">\n<div class=\"col\">\n<h4><\/h4>\n<h4><\/h4>\n<h4 class=\"page-heading\"><br class=\"clear\" \/><strong><span style=\"color: #003e7b;\">Fiscal<\/span><\/strong><\/h4>\n<table border=\"1\">\n<tbody>\n<tr>\n<td><span style=\"color: #003e7b;\">\u00b7 CRISTINA BATLLE<\/span><\/td>\n<td><a href=\"mailto:cristina@america-sl.com\">cristina@america-sl.com<\/a><\/td>\n<td>T.974431571<\/td>\n<\/tr>\n<tr>\n<td><span style=\"color: #003e7b;\">\u00b7 LU\u00cdS SARVIS\u00c9<\/span><\/td>\n<td><a href=\"mailto:luis@america-sl.com\">luis@america-sl.com<\/a><\/td>\n<td>T.974431571<\/td>\n<\/tr>\n<tr>\n<td><span style=\"color: #003e7b;\">\u00b7 JUANJO ARNAIZ<\/span><\/td>\n<td><a href=\"mailto:juanjo@america-sl.com\">juanjo@america-sl.com<\/a><\/td>\n<td>T.974431570<\/td>\n<\/tr>\n<tr>\n<td><span style=\"color: #003e7b;\">\u00b7 JAVIER SOLANS<\/span><\/td>\n<td><a href=\"mailto:javier@america-sl.com\">javier@america-sl.com<\/a><\/td>\n<td>T.974431570<\/td>\n<\/tr>\n<\/tbody>\n<\/table>\n<\/div>\n<div class=\"col nomargin\">\n<p><img decoding=\"async\" class=\"img-frame \" src=\"https:\/\/america-sl.com\/wp-content\/uploads\/2014\/08\/1fiscal.png\" alt=\"\" \/><\/p>\n<\/div>\n<\/div>\n<p>\n<\/div><\/div>\n<div class=\"section-full-width section-light\" style=\"background-color:#F5F3F0;\" id=\"section-3\"><div class=\"section-boxed\" style=\"color:#777777;\"><\/p>\n<div class=\"cols-wrapper cols-2\">\n<div class=\"col\">\n<p><img decoding=\"async\" class=\"img-frame \" src=\"https:\/\/america-sl.com\/wp-content\/uploads\/2015\/01\/contabilidad.jpg\" alt=\"\" \/><\/p>\n<\/div>\n<div class=\"col no margin\">\n<h4><\/h4>\n<h4><\/h4>\n<h4 class=\"page-heading\"><br class=\"clear\" \/><strong><span style=\"color: #003e7b;\">Contabilidad<\/span><\/strong><\/h4>\n<table border=\"1\">\n<tbody>\n<tr>\n<td><span style=\"color: #003e7b;\">\u00b7 LU\u00cdS SARVIS\u00c9<\/span><\/td>\n<td><a href=\"mailto:luis@america-sl.com\">luis@america-sl.com<\/a><\/td>\n<td>T.974431571<\/td>\n<\/tr>\n<tr>\n<td><span style=\"color: #003e7b;\">\u00b7 GLORIA FORNIES<\/span><\/td>\n<td><a href=\"mailto:gloria@america-sl.com\">gloria@america-sl.com<\/a><\/td>\n<td>T.974431570<\/td>\n<\/tr>\n<tr>\n<td><span style=\"color: #003e7b;\">\u00b7 JUANJO ARNAIZ<\/span><\/td>\n<td><a href=\"mailto:juanjo@america-sl.com\">juanjo@america-sl.com<\/a><\/td>\n<td>T.974431570<\/td>\n<\/tr>\n<tr>\n<td><span style=\"color: #003e7b;\">\u00b7 JAVIER SOLANS<\/span><\/td>\n<td><a href=\"mailto:javier@america-sl.com\">javier@america-sl.com<\/a><\/td>\n<td>T.974431570<\/td>\n<\/tr>\n<\/tbody>\n<\/table>\n<\/div>\n<\/div>\n<p>\n<\/div><\/div>\n<div class=\"section-full-width section-light\" style=\"background-color:#ffffff;\" id=\"section-4\"><div class=\"section-boxed\" style=\"color:#777777;\"><\/p>\n<div class=\"cols-wrapper cols-2\">\n<div class=\"col\">\n<h4><\/h4>\n<h4 class=\"page-heading\"><br class=\"clear\" \/><strong><span style=\"color: #003e7b;\">Laboral<\/span><\/strong><\/h4>\n<table border=\"1\">\n<tbody>\n<tr>\n<td><span style=\"color: #003e7b;\">\u00b7 JOS\u00c9 LU\u00cdS CORT\u00c9S\u00a0\u00a0\u00a0\u00a0\u00a0\u00a0 \u00a0\u00a0 \u00a0 <\/span><\/td>\n<td><a href=\"mailto:joseluis@america-sl.com\">joseluis@america-sl.com\u00a0\u00a0<\/a><\/td>\n<td>T.974431573<\/td>\n<\/tr>\n<\/tbody>\n<\/table>\n<\/div>\n<div class=\"col\">\n<table border=\"1\">\n<tbody>\n<tr>\n<td><span style=\"color: #003e7b;\">\u00b7 MARTA MOLINA<br \/>\n<\/span><\/td>\n<td><a href=\"mailto:marta@america-sl.com\">marta@america-sl.com\u00a0\u00a0\u00a0 \u00a0<\/a><\/td>\n<td>T.974431573<\/td>\n<\/tr>\n<tr>\n<td><span style=\"color: #003e7b;\">\u00b7 EVA IBARZ<br \/>\n<\/span><\/td>\n<td><a href=\"mailto:eva@america-sl.com\">eva@america-sl.com<\/a><\/td>\n<td>T.974431569<\/td>\n<\/tr>\n<tr>\n<td><span style=\"color: #003e7b;\">\u00b7 LEO MEN\u00c9NDEZ-SAMPIL<br \/>\n<\/span><\/td>\n<td><a href=\"mailto:leo@america-sl.com\">leo@america-sl.com<\/a><\/td>\n<td>T.974431569<\/td>\n<\/tr>\n<\/tbody>\n<\/table>\n<\/div>\n<div class=\"col nomargin\">\n<p><img decoding=\"async\" class=\"img-frame \" src=\"https:\/\/america-sl.com\/wp-content\/uploads\/2014\/08\/1laboral.png\" alt=\"\" \/><\/p>\n<\/div>\n<\/div>\n<p>\n<\/div><\/div>\n<div class=\"section-full-width section-light\" style=\"background-color:#f7f7f7;\" id=\"section-5\"><div class=\"section-boxed\" style=\"color:#777777;\"><\/p>\n<div class=\"cols-wrapper cols-2\">\n<div class=\"col\">\n<p><img decoding=\"async\" class=\"img-frame \" src=\"https:\/\/america-sl.com\/wp-content\/uploads\/2014\/08\/1gestoria.png\" alt=\"\" \/><\/p>\n<\/div>\n<div class=\"col no margin\">\n<h4><\/h4>\n<h4><\/h4>\n<h4 class=\"page-heading\"><br class=\"clear\" \/><strong><span style=\"color: #003e7b;\">Gestor\u00eda<\/span><\/strong><\/h4>\n<table border=\"1\">\n<tbody>\n<tr>\n<td><span style=\"color: #003e7b;\">\u00b7 GEMMA SALVADOR<\/span><\/td>\n<td><a href=\"mailto:gemma@america-sl.com\">gemma@america-sl.com<\/a><\/td>\n<td>T.974431566<\/td>\n<\/tr>\n<tr>\n<td><span style=\"color: #003e7b;\">\u00b7 PAULA MARQUINA<br \/>\n<\/span><\/td>\n<td><a href=\"mailto:paula@america-sl.com\">paula@america-sl.com<\/a><\/td>\n<td>T.974431566<\/td>\n<\/tr>\n<\/tbody>\n<\/table>\n<\/div>\n<\/div>\n<p>\n<\/div><\/div>\n","protected":false},"excerpt":{"rendered":"","protected":false},"author":1,"featured_media":0,"parent":0,"menu_order":0,"comment_status":"open","ping_status":"open","template":"template-full-custom.php","meta":{"footnotes":""},"_links":{"self":[{"href":"https:\/\/america-sl.com\/index.php?rest_route=\/wp\/v2\/pages\/2151"}],"collection":[{"href":"https:\/\/america-sl.com\/index.php?rest_route=\/wp\/v2\/pages"}],"about":[{"href":"https:\/\/america-sl.com\/index.php?rest_route=\/wp\/v2\/types\/page"}],"author":[{"embeddable":true,"href":"https:\/\/america-sl.com\/index.php?rest_route=\/wp\/v2\/users\/1"}],"replies":[{"embeddable":true,"href":"https:\/\/america-sl.com\/index.php?rest_route=%2Fwp%2Fv2%2Fcomments&post=2151"}],"version-history":[{"count":68,"href":"https:\/\/america-sl.com\/index.php?rest_route=\/wp\/v2\/pages\/2151\/revisions"}],"predecessor-version":[{"id":2869,"href":"https:\/\/america-sl.com\/index.php?rest_route=\/wp\/v2\/pages\/2151\/revisions\/2869"}],"wp:attachment":[{"href":"https:\/\/america-sl.com\/index.php?rest_route=%2Fwp%2Fv2%2Fmedia&parent=2151"}],"curies":[{"name":"wp","href":"https:\/\/api.w.org\/{rel}","templated":true}]}}