{"id":2373,"date":"2014-11-25T10:03:42","date_gmt":"2014-11-25T10:03:42","guid":{"rendered":"http:\/\/www.paginaswebhuesca.com\/gestoria-america\/?page_id=2373"},"modified":"2015-09-21T08:39:36","modified_gmt":"2015-09-21T08:39:36","slug":"contable","status":"publish","type":"page","link":"https:\/\/america-sl.com\/?page_id=2373","title":{"rendered":"Contabilidad"},"content":{"rendered":"<div class=\"section-full-width section-light\" style=\"background-color:#ffffff;\" id=\"asesor\u00edaam\u00e9ricasl\"><div class=\"section-boxed\" style=\"color:#000000;\"><h4 style=\"color:#003e7b;\" class=\"sub-title\">Contabilidad<\/h4><h2 class=\"section-title\" style=\"color:#003e7b;\">Asesor\u00eda Am\u00e9rica S.L.<\/h2><\/p>\n<p style=\"text-align: center;\">Personas con experiencia se encargan de poner en marcha el sistema contable, que tiene que permitir obtener los informes financieros relevantes para conocer la evoluci\u00f3n de su empresa. Ponemos a su disposici\u00f3n la informaci\u00f3n que le ayudar\u00e1 en la toma de decisiones y el control de gesti\u00f3n.<\/p>\n<p>\n<\/div><\/div>\n<div class=\"section-full-width section-light\" style=\"background-color:#f7f7f7;\" id=\"section-1\"><div class=\"section-boxed\" style=\"color:#777777;\"><div class=\"services-wrapper services-icon cols-wrapper cols-4 pexeto-parallax\"><div class=\"services-title-box col\"><h2>Servicios<\/h2><\/div><div class=\"services-box col\"><div class=\"img-container\"><img decoding=\"async\" src=\"https:\/\/america-sl.com\/wp-content\/uploads\/2015\/01\/america1.png\" alt=\"\"\/><\/div><div class=\"services-content\"><div class=\"sc-wraper\"><p><font color=003e7b>\u00b7 Declaraciones de I.V.A.<\/font><br\/>\r\n<font color=ad9867>\u00b7 Confecci\u00f3n libros obligatorios<\/font><br\/>\r\n<\/p><\/div><\/div><\/div><div class=\"services-box col\"><div class=\"img-container\"><img decoding=\"async\" src=\"https:\/\/america-sl.com\/wp-content\/uploads\/2015\/01\/america1.png\" alt=\"\"\/><\/div><div class=\"services-content\"><div class=\"sc-wraper\"><p><font color=003e7b>\u00b7 Impuesto de sociedades<\/font><br\/>\r\n<font color=ad9867>\u00b7 Mecanizaci\u00f3n de Contabilidades<\/font><br\/>\r\n<\/p><\/div><\/div><\/div><div class=\"services-box col nomargin\"><div class=\"img-container\"><img decoding=\"async\" src=\"https:\/\/america-sl.com\/wp-content\/uploads\/2015\/01\/america1.png\" alt=\"\"\/><\/div><div class=\"services-content\"><div class=\"sc-wraper\"><p><font color=003e7b>\u00b7 Dep\u00f3sito cuentas anuales<\/font><br\/>\r\n<font color=ad9867>\u00b7 Constituci\u00f3n de sociedades<\/font><br\/>\r\n<\/p><\/div><\/div><\/div><div class=\"clear\"><\/div><\/div>\n<\/div><\/div>\n","protected":false},"excerpt":{"rendered":"","protected":false},"author":1,"featured_media":0,"parent":0,"menu_order":0,"comment_status":"open","ping_status":"open","template":"","meta":{"footnotes":""},"_links":{"self":[{"href":"https:\/\/america-sl.com\/index.php?rest_route=\/wp\/v2\/pages\/2373"}],"collection":[{"href":"https:\/\/america-sl.com\/index.php?rest_route=\/wp\/v2\/pages"}],"about":[{"href":"https:\/\/america-sl.com\/index.php?rest_route=\/wp\/v2\/types\/page"}],"author":[{"embeddable":true,"href":"https:\/\/america-sl.com\/index.php?rest_route=\/wp\/v2\/users\/1"}],"replies":[{"embeddable":true,"href":"https:\/\/america-sl.com\/index.php?rest_route=%2Fwp%2Fv2%2Fcomments&post=2373"}],"version-history":[{"count":6,"href":"https:\/\/america-sl.com\/index.php?rest_route=\/wp\/v2\/pages\/2373\/revisions"}],"predecessor-version":[{"id":2638,"href":"https:\/\/america-sl.com\/index.php?rest_route=\/wp\/v2\/pages\/2373\/revisions\/2638"}],"wp:attachment":[{"href":"https:\/\/america-sl.com\/index.php?rest_route=%2Fwp%2Fv2%2Fmedia&parent=2373"}],"curies":[{"name":"wp","href":"https:\/\/api.w.org\/{rel}","templated":true}]}}