{"id":2388,"date":"2014-11-25T13:55:29","date_gmt":"2014-11-25T13:55:29","guid":{"rendered":"http:\/\/www.paginaswebhuesca.com\/gestoria-america\/?page_id=2388"},"modified":"2015-09-21T08:40:10","modified_gmt":"2015-09-21T08:40:10","slug":"gestoria","status":"publish","type":"page","link":"https:\/\/america-sl.com\/?page_id=2388","title":{"rendered":"Gestor\u00eda"},"content":{"rendered":"<div class=\"section-full-width section-light\" style=\"background-color:#ffffff;\" id=\"asesor\u00edaam\u00e9ricasl\"><div class=\"section-boxed\" style=\"color:#000000;\"><h4 style=\"color:#003e7b;\" class=\"sub-title\">Gestor\u00eda<\/h4><h2 class=\"section-title\" style=\"color:#003e7b;\">Asesor\u00eda Am\u00e9rica S.L.<\/h2><\/p>\n<p style=\"text-align: center;\">Nuestro servicio de Gestor\u00eda incluye la realizaci\u00f3n de forma casi inmediata de todo tipo de tr\u00e1mites ante la Jefatura de Tr\u00e1fico.<\/p>\n<p>\n<\/div><\/div>\n<div class=\"section-full-width section-light\" style=\"background-color:#f7f7f7;\" id=\"section-1\"><div class=\"section-boxed\" style=\"color:#777777;\"><div class=\"services-wrapper services-icon cols-wrapper cols-4 pexeto-parallax\"><div class=\"services-title-box col\"><h2>Servicios:<\/h2><\/div><div class=\"services-box col\"><div class=\"img-container\"><img decoding=\"async\" src=\"https:\/\/america-sl.com\/wp-content\/uploads\/2015\/01\/america1.png\" alt=\"\"\/><\/div><div class=\"services-content\"><div class=\"sc-wraper\"><p><font color=003e7b>\u00b7 Visado tarjetas de transportes<\/font><br\/>\r\n<font color=ad9867>\u00b7 Visado de empresas<\/font><br\/>\r\n<font color=003e7b>\u00b7 Licencias caza y pesca<\/font><br\/><\/p><\/div><\/div><\/div><div class=\"services-box col\"><div class=\"img-container\"><img decoding=\"async\" src=\"https:\/\/america-sl.com\/wp-content\/uploads\/2015\/01\/america1.png\" alt=\"\"\/><\/div><div class=\"services-content\"><div class=\"sc-wraper\"><p><font color=003e7b>\u00b7 Matriculaci\u00f3n maquinaria agr\u00edcola<\/font><br\/>\r\n<font color=ad9867>\u00b7 Cambios de titularidad<\/font><br\/>\r\n<font color=003e7b>\u00b7 Duplicados<\/font><br\/><\/p><\/div><\/div><\/div><div class=\"services-box col nomargin\"><div class=\"img-container\"><img decoding=\"async\" src=\"https:\/\/america-sl.com\/wp-content\/uploads\/2015\/01\/america1.png\" alt=\"\"\/><\/div><div class=\"services-content\"><div class=\"sc-wraper\"><p><font color=003e7b>\u00b7 Matriculaciones<\/font><br\/>\r\n<font color=ad9867>\u00b7 Transferencias<\/font><br\/>\r\n<font color=003e7b>\u00b7 Bajas<\/font><br\/>\r\n\r\n<\/p><\/div><\/div><\/div><div class=\"clear\"><\/div><\/div>\n<\/div><\/div>\n","protected":false},"excerpt":{"rendered":"","protected":false},"author":1,"featured_media":0,"parent":0,"menu_order":0,"comment_status":"open","ping_status":"open","template":"","meta":{"footnotes":""},"_links":{"self":[{"href":"https:\/\/america-sl.com\/index.php?rest_route=\/wp\/v2\/pages\/2388"}],"collection":[{"href":"https:\/\/america-sl.com\/index.php?rest_route=\/wp\/v2\/pages"}],"about":[{"href":"https:\/\/america-sl.com\/index.php?rest_route=\/wp\/v2\/types\/page"}],"author":[{"embeddable":true,"href":"https:\/\/america-sl.com\/index.php?rest_route=\/wp\/v2\/users\/1"}],"replies":[{"embeddable":true,"href":"https:\/\/america-sl.com\/index.php?rest_route=%2Fwp%2Fv2%2Fcomments&post=2388"}],"version-history":[{"count":8,"href":"https:\/\/america-sl.com\/index.php?rest_route=\/wp\/v2\/pages\/2388\/revisions"}],"predecessor-version":[{"id":2607,"href":"https:\/\/america-sl.com\/index.php?rest_route=\/wp\/v2\/pages\/2388\/revisions\/2607"}],"wp:attachment":[{"href":"https:\/\/america-sl.com\/index.php?rest_route=%2Fwp%2Fv2%2Fmedia&parent=2388"}],"curies":[{"name":"wp","href":"https:\/\/api.w.org\/{rel}","templated":true}]}}