{"id":2618,"date":"2015-01-22T09:21:22","date_gmt":"2015-01-22T09:21:22","guid":{"rendered":"http:\/\/www.paginaswebhuesca.com\/gestoria-america\/?page_id=2618"},"modified":"2016-03-18T15:51:56","modified_gmt":"2016-03-18T15:51:56","slug":"equipo-laboral","status":"publish","type":"page","link":"https:\/\/america-sl.com\/?page_id=2618","title":{"rendered":"Equipo Laboral"},"content":{"rendered":"<div class=\"section-full-width section-light\" style=\"background-color:#f7f7f7;\" id=\"section-1\"><div class=\"section-boxed\" style=\"color:#777777;\"><\/p>\n<div class=\"cols-wrapper cols-2\">\n<div class=\"col\">\n<p> <img decoding=\"async\" class=\"img-frame \" src=\"https:\/\/america-sl.com\/wp-content\/uploads\/2014\/08\/1direccion.png\" alt=\"\" \/><\/p>\n<\/div>\n<div class=\"col no margin\">\n<h4><\/h4>\n<h4><\/h4>\n<h4 class=\"page-heading\"><br class=\"clear\" \/><strong><span style=\"color: #003e7b;\">Laboral<\/span><\/strong><\/h4>\n<table border=\"1\">\n<tbody>\n<tr>\n<td><span style=\"color: #003e7b;\">\u00b7 JOS\u00c9 LU\u00cdS CORT\u00c9S<\/span><\/td>\n<td><a href=\"mailto:joseluis@america-sl.com\">joseluis@america-sl.com<\/a><\/td>\n<td>T.974431573<\/td>\n<\/tr>\n<tr>\n<td><span style=\"color: #003e7b;\">\u00b7 MARTA MOLINA<\/span><\/td>\n<td><a href=\"mailto:marta@america-sl.com\">marta@america-sl.com<\/a><\/td>\n<td>T.974431569<\/td>\n<\/tr>\n<tr>\n<td><span style=\"color: #003e7b;\">\u00b7 EVA IBARZ<\/span><\/td>\n<td><a href=\"mailto:eva@america-sl.com\">eva@america-sl.com<\/a><\/td>\n<td>T.974431569<\/td>\n<\/tr>\n<\/tbody>\n<\/table>\n<\/div>\n<\/div>\n<p>\n<\/div><\/div>\n","protected":false},"excerpt":{"rendered":"","protected":false},"author":1,"featured_media":0,"parent":0,"menu_order":0,"comment_status":"open","ping_status":"closed","template":"template-full-custom.php","meta":{"footnotes":""},"_links":{"self":[{"href":"https:\/\/america-sl.com\/index.php?rest_route=\/wp\/v2\/pages\/2618"}],"collection":[{"href":"https:\/\/america-sl.com\/index.php?rest_route=\/wp\/v2\/pages"}],"about":[{"href":"https:\/\/america-sl.com\/index.php?rest_route=\/wp\/v2\/types\/page"}],"author":[{"embeddable":true,"href":"https:\/\/america-sl.com\/index.php?rest_route=\/wp\/v2\/users\/1"}],"replies":[{"embeddable":true,"href":"https:\/\/america-sl.com\/index.php?rest_route=%2Fwp%2Fv2%2Fcomments&post=2618"}],"version-history":[{"count":5,"href":"https:\/\/america-sl.com\/index.php?rest_route=\/wp\/v2\/pages\/2618\/revisions"}],"predecessor-version":[{"id":2829,"href":"https:\/\/america-sl.com\/index.php?rest_route=\/wp\/v2\/pages\/2618\/revisions\/2829"}],"wp:attachment":[{"href":"https:\/\/america-sl.com\/index.php?rest_route=%2Fwp%2Fv2%2Fmedia&parent=2618"}],"curies":[{"name":"wp","href":"https:\/\/api.w.org\/{rel}","templated":true}]}}